{"id":97,"date":"2024-02-06T06:55:00","date_gmt":"2024-02-06T06:55:00","guid":{"rendered":"https:\/\/demi.divicoded.com\/?page_id=97"},"modified":"2025-09-02T18:14:19","modified_gmt":"2025-09-02T15:14:19","slug":"yhteistyokumppanit","status":"publish","type":"page","link":"https:\/\/heisiskosoittaa.fi\/?page_id=97","title":{"rendered":"Yhteisty\u00f6kumppanit"},"content":{"rendered":"\n[et_pb_section fb_built=&#8221;1&#8243; custom_padding_last_edited=&#8221;on|phone&#8221; _builder_version=&#8221;4.24.0&#8243; _module_preset=&#8221;default&#8221; background_image=&#8221;https:\/\/heisiskosoittaa.fi\/wp-content\/uploads\/2024\/03\/image-39.png&#8221; custom_margin=&#8221;-101px||||false|false&#8221; custom_padding=&#8221;175px||113px||false|false&#8221; custom_padding_tablet=&#8221;200px||100px||false|false&#8221; custom_padding_phone=&#8221;180px||80px||false|false&#8221; custom_css_main_element=&#8221;background-color:var(&#8211;color2);||&#8221; locked=&#8221;off&#8221; global_colors_info=&#8221;{}&#8221;][et_pb_row _builder_version=&#8221;4.24.0&#8243; _module_preset=&#8221;default&#8221; width=&#8221;90%&#8221; custom_padding=&#8221;0px||0px||true|false&#8221; global_colors_info=&#8221;{}&#8221;][et_pb_column type=&#8221;4_4&#8243; _builder_version=&#8221;4.24.0&#8243; _module_preset=&#8221;default&#8221; custom_css_main_element=&#8221;display:flex;||align-items:center;||flex-wrap:wrap;||justify-content:center;&#8221; global_colors_info=&#8221;{}&#8221;][et_pb_blurb title=&#8221;@ET-DC@eyJkeW5hbWljIjp0cnVlLCJjb250ZW50IjoicG9zdF90aXRsZSIsInNldHRpbmdzIjp7ImJlZm9yZSI6IiIsImFmdGVyIjoiIn19@&#8221; content_max_width=&#8221;100%&#8221; _builder_version=&#8221;4.24.0&#8243; _dynamic_attributes=&#8221;title&#8221; _module_preset=&#8221;default&#8221; header_level=&#8221;h1&#8243; header_font=&#8221;|700|||||||&#8221; header_text_align=&#8221;center&#8221; header_text_color=&#8221;#FFFFFF&#8221; header_font_size=&#8221;70px&#8221; header_line_height=&#8221;88px&#8221; custom_margin=&#8221;||0px||false|false&#8221; header_font_size_tablet=&#8221;65px&#8221; header_font_size_phone=&#8221;35px&#8221; header_font_size_last_edited=&#8221;on|phone&#8221; header_line_height_tablet=&#8221;83px&#8221; header_line_height_phone=&#8221;40px&#8221; header_line_height_last_edited=&#8221;on|tablet&#8221; custom_css_main_element=&#8221;width:100% !important;&#8221; custom_css_blurb_title=&#8221;padding-bottom:20px;||width:100%;||&#8221; global_colors_info=&#8221;{}&#8221;][\/et_pb_blurb][\/et_pb_column][\/et_pb_row][\/et_pb_section][et_pb_section fb_built=&#8221;1&#8243; custom_padding_last_edited=&#8221;on|phone&#8221; module_class=&#8221;demi_team &#8221; _builder_version=&#8221;4.24.0&#8243; _module_preset=&#8221;default&#8221; background_image=&#8221;https:\/\/heisiskosoittaa.fi\/wp-content\/uploads\/2024\/02\/image-26.png&#8221; background_size=&#8221;initial&#8221; z_index=&#8221;0&#8243; custom_padding=&#8221;100px||100px||false|false&#8221; custom_padding_tablet=&#8221;80px||80px||false|false&#8221; custom_padding_phone=&#8221;60px||60px||true|false&#8221; custom_css_main_element=&#8221;background-color: #FFFEF3;&#8221; locked=&#8221;off&#8221; global_colors_info=&#8221;{}&#8221;][et_pb_row _builder_version=&#8221;4.24.0&#8243; _module_preset=&#8221;default&#8221; width=&#8221;90%&#8221; custom_padding=&#8221;0px||0px||true|false&#8221; hover_enabled=&#8221;0&#8243; locked=&#8221;off&#8221; global_colors_info=&#8221;{}&#8221; sticky_enabled=&#8221;0&#8243;][et_pb_column type=&#8221;4_4&#8243; _builder_version=&#8221;4.24.0&#8243; _module_preset=&#8221;default&#8221; global_colors_info=&#8221;{}&#8221;][et_pb_blurb title=&#8221;Yhteisty\u00f6ss\u00e4 on voimaa&#8221; _builder_version=&#8221;4.27.4&#8243; _module_preset=&#8221;default&#8221; header_level=&#8221;h5&#8243; header_font=&#8221;|600|||||||&#8221; header_text_align=&#8221;center&#8221; header_font_size=&#8221;20px&#8221; header_line_height=&#8221;30px&#8221; custom_margin=&#8221;||20px||false|false&#8221; hover_enabled=&#8221;0&#8243; custom_css_before=&#8221;content: &#8221;;||    background-image: url(\/wp-content\/uploads\/2024\/02\/image-14.png);||    width: 19px;||    height: 19px;||    position: absolute;||     top: 50%;||    transform: translateY(-50%);||    left: 0;&#8221; custom_css_main_element=&#8221;max-width:fit-content;||padding:0 30px 0 30px;||position:relative;||width:100%;&#8221; custom_css_after=&#8221;content: &#8221;;||    background-image: url(\/wp-content\/uploads\/2024\/02\/image-14.png);||    width: 19px;||    height: 19px;||    position: absolute;||   top: 50%;||    transform: translateY(-50%);||    right: 0;||&#8221; custom_css_blurb_title=&#8221;color:var(&#8211;color1);||padding-bottom:0;||margin:auto;&#8221; locked=&#8221;off&#8221; global_colors_info=&#8221;{}&#8221; sticky_enabled=&#8221;0&#8243;][\/et_pb_blurb][et_pb_blurb title=&#8221;Kiitos tukijoillemme!&#8221; content_max_width=&#8221;100%&#8221; _builder_version=&#8221;4.24.0&#8243; _module_preset=&#8221;default&#8221; header_level=&#8221;h2&#8243; header_font=&#8221;|700|||||||&#8221; header_font_size=&#8221;40px&#8221; header_line_height=&#8221;50px&#8221; body_text_color=&#8221;#FFFFFF&#8221; body_line_height=&#8221;26px&#8221; custom_margin=&#8221;||0px||false|false&#8221; header_font_size_tablet=&#8221;35px&#8221; header_font_size_phone=&#8221;30px&#8221; header_font_size_last_edited=&#8221;on|phone&#8221; header_line_height_tablet=&#8221;45px&#8221; header_line_height_phone=&#8221;40px&#8221; header_line_height_last_edited=&#8221;on|tablet&#8221; custom_css_main_element=&#8221;width:100%;&#8221; custom_css_blurb_title=&#8221;padding-bottom:0px;||color:var(&#8211;color3) !important;||max-width:443px;||width:100%;||&#8221; custom_css_blurb_content=&#8221;font-weight: 400;&#8221; locked=&#8221;off&#8221; global_colors_info=&#8221;{}&#8221;][\/et_pb_blurb][\/et_pb_column][\/et_pb_row][et_pb_row column_structure=&#8221;1_2,1_2&#8243; _builder_version=&#8221;4.27.4&#8243; _module_preset=&#8221;default&#8221; width=&#8221;90%&#8221; max_width=&#8221;1718px&#8221; custom_margin=&#8221;50px||||false|false&#8221; custom_margin_tablet=&#8221;40px||||false|false&#8221; custom_margin_phone=&#8221;30px||||false|false&#8221; custom_margin_last_edited=&#8221;on|phone&#8221; custom_padding=&#8221;0px||0px||true|false&#8221; hover_enabled=&#8221;0&#8243; global_colors_info=&#8221;{}&#8221; sticky_enabled=&#8221;0&#8243;][et_pb_column type=&#8221;1_2&#8243; _builder_version=&#8221;4.24.0&#8243; _module_preset=&#8221;default&#8221; global_colors_info=&#8221;{}&#8221;][et_pb_team_member name=&#8221;Yksityishenkil\u00f6t&#8221; image_url=&#8221;https:\/\/heisiskosoittaa.fi\/wp-content\/uploads\/2024\/02\/image-18.png&#8221; _builder_version=&#8221;4.27.4&#8243; _module_preset=&#8221;default&#8221; header_font=&#8221;|700|||||||&#8221; header_text_align=&#8221;center&#8221; header_font_size=&#8221;24px&#8221; header_line_height=&#8221;30px&#8221; body_line_height=&#8221;24px&#8221; custom_margin=&#8221;||0px||false|false&#8221; hover_enabled=&#8221;0&#8243; header_font_size_tablet=&#8221;22px&#8221; header_font_size_phone=&#8221;20px&#8221; header_font_size_last_edited=&#8221;on|phone&#8221; header_line_height_tablet=&#8221;28px&#8221; header_line_height_phone=&#8221;26px&#8221; header_line_height_last_edited=&#8221;on|tablet&#8221; custom_css_member_image=&#8221;margin-bottom:0;&#8221; custom_css_member_description=&#8221;position: absolute;||    background: #fff;||    left: 30px;||    right: 30px;||    bottom: 30px;||border-radius: 5px;||padding:20px;||font-weight: 400;||color:var(&#8211;color3);||text-align:center;&#8221; custom_css_title=&#8221;color:var(&#8211;color2);||padding-bottom:15px;&#8221; custom_css_member_social_links=&#8221;text-align:center;||&#8221; border_radii=&#8221;on|5px|5px|5px|5px&#8221; global_colors_info=&#8221;{}&#8221; sticky_enabled=&#8221;0&#8243; alt=&#8221;image-18&#8243; title_text=&#8221;image-18&#8243;][\/et_pb_team_member][\/et_pb_column][et_pb_column type=&#8221;1_2&#8243; _builder_version=&#8221;4.24.0&#8243; _module_preset=&#8221;default&#8221; global_colors_info=&#8221;{}&#8221;][et_pb_team_member name=&#8221;Xetnet Oy&#8221; image_url=&#8221;https:\/\/heisiskosoittaa.fi\/wp-content\/uploads\/2025\/08\/xetnet-og.jpg&#8221; _builder_version=&#8221;4.27.4&#8243; _module_preset=&#8221;default&#8221; header_font=&#8221;|700|||||||&#8221; header_text_align=&#8221;center&#8221; header_font_size=&#8221;24px&#8221; header_line_height=&#8221;30px&#8221; body_line_height=&#8221;24px&#8221; custom_margin=&#8221;||0px||false|false&#8221; hover_enabled=&#8221;0&#8243; header_font_size_tablet=&#8221;22px&#8221; header_font_size_phone=&#8221;20px&#8221; header_font_size_last_edited=&#8221;on|phone&#8221; header_line_height_tablet=&#8221;28px&#8221; header_line_height_phone=&#8221;26px&#8221; header_line_height_last_edited=&#8221;on|tablet&#8221; custom_css_member_image=&#8221;margin-bottom:0;&#8221; custom_css_member_description=&#8221;position: absolute;||    background: #fff;||    left: 30px;||    right: 30px;||    bottom: 30px;||border-radius: 5px;||padding:20px;||font-weight: 400;||color:var(&#8211;color3);||text-align:center;&#8221; custom_css_title=&#8221;color:var(&#8211;color2);||padding-bottom:15px;&#8221; custom_css_member_social_links=&#8221;text-align:center;||&#8221; border_radii=&#8221;on|5px|5px|5px|5px&#8221; global_colors_info=&#8221;{}&#8221; sticky_enabled=&#8221;0&#8243; title_text=&#8221;xetnet-og&#8221;][\/et_pb_team_member][\/et_pb_column][\/et_pb_row][\/et_pb_section][et_pb_section fb_built=&#8221;1&#8243; custom_padding_last_edited=&#8221;on|tablet&#8221; module_class=&#8221;demi-z-index&#8221; _builder_version=&#8221;4.24.0&#8243; _module_preset=&#8221;default&#8221; z_index=&#8221;0&#8243; custom_padding=&#8221;100px||100px||true|false&#8221; custom_padding_tablet=&#8221;80px||80px||true|false&#8221; custom_padding_phone=&#8221;60px||60px||true|false&#8221; locked=&#8221;off&#8221; global_colors_info=&#8221;{}&#8221;][et_pb_row _builder_version=&#8221;4.24.0&#8243; _module_preset=&#8221;default&#8221; width=&#8221;90%&#8221; custom_padding=&#8221;0px||0px||true|false&#8221; locked=&#8221;off&#8221; global_colors_info=&#8221;{}&#8221;][et_pb_column type=&#8221;4_4&#8243; _builder_version=&#8221;4.24.0&#8243; _module_preset=&#8221;default&#8221; global_colors_info=&#8221;{}&#8221;][et_pb_blurb title=&#8221;Tule kumppaniksi&#8221; _builder_version=&#8221;4.27.4&#8243; _module_preset=&#8221;default&#8221; header_level=&#8221;h5&#8243; header_font=&#8221;|600|||||||&#8221; header_text_align=&#8221;center&#8221; header_font_size=&#8221;20px&#8221; header_line_height=&#8221;30px&#8221; custom_margin=&#8221;||20px||false|false&#8221; hover_enabled=&#8221;0&#8243; custom_css_before=&#8221;content: &#8221;;||    background-image: url(\/wp-content\/uploads\/2024\/02\/image-33.png);||    width: 19px;||    height: 19px;||    position: absolute;||     top: 50%;||    transform: translateY(-50%);||    left: 0;&#8221; custom_css_main_element=&#8221;max-width:fit-content;||padding:0 30px 0 30px;||position:relative;||width:100%;||margin:auto;&#8221; custom_css_after=&#8221;content: &#8221;;||    background-image: url(\/wp-content\/uploads\/2024\/02\/image-33.png);||    width: 19px;||    height: 19px;||    position: absolute;||   top: 50%;||    transform: translateY(-50%);||    right: 0;||&#8221; custom_css_blurb_title=&#8221;color:var(&#8211;color3);||padding-bottom:0;||margin:auto;&#8221; locked=&#8221;off&#8221; global_colors_info=&#8221;{}&#8221; sticky_enabled=&#8221;0&#8243;][\/et_pb_blurb][et_pb_blurb title=&#8221;Suunnitellaan yhdess\u00e4 sopiva kumppanuus! Ota rohkeasti yhteytt\u00e4: posti (a) heisiskosoittaa.fi&#8221; content_max_width=&#8221;100%&#8221; _builder_version=&#8221;4.24.0&#8243; _module_preset=&#8221;default&#8221; header_level=&#8221;h2&#8243; header_font=&#8221;|700|||||||&#8221; header_text_align=&#8221;center&#8221; header_font_size=&#8221;40px&#8221; header_line_height=&#8221;50px&#8221; body_text_color=&#8221;#FFFFFF&#8221; body_line_height=&#8221;26px&#8221; custom_margin=&#8221;||0px||false|false&#8221; header_font_size_tablet=&#8221;35px&#8221; header_font_size_phone=&#8221;30px&#8221; header_font_size_last_edited=&#8221;on|phone&#8221; header_line_height_tablet=&#8221;45px&#8221; header_line_height_phone=&#8221;40px&#8221; header_line_height_last_edited=&#8221;on|tablet&#8221; custom_css_main_element=&#8221;width:100%;||&#8221; custom_css_blurb_title=&#8221;padding-bottom:0px;||color:var(&#8211;color3) !important;||max-width:600px;||margin:auto;||width:100%;||&#8221; custom_css_blurb_content=&#8221;font-weight: 400;&#8221; locked=&#8221;off&#8221; global_colors_info=&#8221;{}&#8221;][\/et_pb_blurb][\/et_pb_column][\/et_pb_row][\/et_pb_section]\n","protected":false},"excerpt":{"rendered":"","protected":false},"author":1,"featured_media":34,"parent":0,"menu_order":0,"comment_status":"closed","ping_status":"closed","template":"","meta":{"_et_pb_use_builder":"on","_et_pb_old_content":"<!-- wp:divi\/placeholder \/-->","_et_gb_content_width":"","footnotes":""},"class_list":["post-97","page","type-page","status-publish","has-post-thumbnail","hentry"],"yoast_head":"<!-- This site is optimized with the Yoast SEO plugin v25.8 - https:\/\/yoast.com\/wordpress\/plugins\/seo\/ -->\n<title>Yhteisty\u00f6kumppanit - Hei Sisko Soittaa -podcast<\/title>\n<meta name=\"description\" content=\"Kiitos tukijoillemme ja yhteisty\u00f6kumppaneillemme! Jos haluat mukaan seikkailuun kanssamme ota rohkeasti yhteytt\u00e4!\" \/>\n<meta name=\"robots\" content=\"index, follow, max-snippet:-1, max-image-preview:large, max-video-preview:-1\" \/>\n<link rel=\"canonical\" href=\"https:\/\/heisiskosoittaa.fi\/?page_id=97\" \/>\n<meta property=\"og:locale\" content=\"fi_FI\" \/>\n<meta property=\"og:type\" content=\"article\" \/>\n<meta property=\"og:title\" content=\"Yhteisty\u00f6kumppanit - Hei Sisko Soittaa -podcast\" \/>\n<meta property=\"og:description\" content=\"Kiitos tukijoillemme ja yhteisty\u00f6kumppaneillemme! Jos haluat mukaan seikkailuun kanssamme ota rohkeasti yhteytt\u00e4!\" \/>\n<meta property=\"og:url\" content=\"https:\/\/heisiskosoittaa.fi\/?page_id=97\" \/>\n<meta property=\"og:site_name\" content=\"Hei Sisko Soittaa -podcast\" \/>\n<meta property=\"article:publisher\" content=\"https:\/\/www.facebook.com\/heisiskosoittaa\/\" \/>\n<meta property=\"article:modified_time\" content=\"2025-09-02T15:14:19+00:00\" \/>\n<meta property=\"og:image\" content=\"https:\/\/heisiskosoittaa.fi\/wp-content\/uploads\/2025\/08\/Podcast_kansikuva_heisiskosoittaa_iida-repo_emmaleeni_larin.png\" \/>\n\t<meta property=\"og:image:width\" content=\"1200\" \/>\n\t<meta property=\"og:image:height\" content=\"444\" \/>\n\t<meta property=\"og:image:type\" content=\"image\/png\" \/>\n<meta name=\"twitter:card\" content=\"summary_large_image\" \/>\n<meta name=\"twitter:label1\" content=\"Arvioitu lukuaika\" \/>\n\t<meta name=\"twitter:data1\" content=\"1 minuutti\" \/>\n<script type=\"application\/ld+json\" class=\"yoast-schema-graph\">{\"@context\":\"https:\/\/schema.org\",\"@graph\":[{\"@type\":\"WebPage\",\"@id\":\"https:\/\/heisiskosoittaa.fi\/?page_id=97\",\"url\":\"https:\/\/heisiskosoittaa.fi\/?page_id=97\",\"name\":\"Yhteisty\u00f6kumppanit - Hei Sisko Soittaa -podcast\",\"isPartOf\":{\"@id\":\"https:\/\/heisiskosoittaa.fi\/#website\"},\"primaryImageOfPage\":{\"@id\":\"https:\/\/heisiskosoittaa.fi\/?page_id=97#primaryimage\"},\"image\":{\"@id\":\"https:\/\/heisiskosoittaa.fi\/?page_id=97#primaryimage\"},\"thumbnailUrl\":\"https:\/\/heisiskosoittaa.fi\/wp-content\/uploads\/2025\/08\/Podcast_kansikuva_heisiskosoittaa_iida-repo_emmaleeni_larin.png\",\"datePublished\":\"2024-02-06T06:55:00+00:00\",\"dateModified\":\"2025-09-02T15:14:19+00:00\",\"description\":\"Kiitos tukijoillemme ja yhteisty\u00f6kumppaneillemme! Jos haluat mukaan seikkailuun kanssamme ota rohkeasti yhteytt\u00e4!\",\"breadcrumb\":{\"@id\":\"https:\/\/heisiskosoittaa.fi\/?page_id=97#breadcrumb\"},\"inLanguage\":\"fi\",\"potentialAction\":[{\"@type\":\"ReadAction\",\"target\":[\"https:\/\/heisiskosoittaa.fi\/?page_id=97\"]}]},{\"@type\":\"ImageObject\",\"inLanguage\":\"fi\",\"@id\":\"https:\/\/heisiskosoittaa.fi\/?page_id=97#primaryimage\",\"url\":\"https:\/\/heisiskosoittaa.fi\/wp-content\/uploads\/2025\/08\/Podcast_kansikuva_heisiskosoittaa_iida-repo_emmaleeni_larin.png\",\"contentUrl\":\"https:\/\/heisiskosoittaa.fi\/wp-content\/uploads\/2025\/08\/Podcast_kansikuva_heisiskosoittaa_iida-repo_emmaleeni_larin.png\",\"width\":1200,\"height\":444,\"caption\":\"Juontajat Iida Repo ja Emmaleeni Larin\"},{\"@type\":\"BreadcrumbList\",\"@id\":\"https:\/\/heisiskosoittaa.fi\/?page_id=97#breadcrumb\",\"itemListElement\":[{\"@type\":\"ListItem\",\"position\":1,\"name\":\"Etusivu\",\"item\":\"https:\/\/heisiskosoittaa.fi\/\"},{\"@type\":\"ListItem\",\"position\":2,\"name\":\"Yhteisty\u00f6kumppanit\"}]},{\"@type\":\"WebSite\",\"@id\":\"https:\/\/heisiskosoittaa.fi\/#website\",\"url\":\"https:\/\/heisiskosoittaa.fi\/\",\"name\":\"Hei Sisko Soittaa -podcast\",\"description\":\"Hei Sisko Soittaa -podcast\",\"publisher\":{\"@id\":\"https:\/\/heisiskosoittaa.fi\/#organization\"},\"potentialAction\":[{\"@type\":\"SearchAction\",\"target\":{\"@type\":\"EntryPoint\",\"urlTemplate\":\"https:\/\/heisiskosoittaa.fi\/?s={search_term_string}\"},\"query-input\":{\"@type\":\"PropertyValueSpecification\",\"valueRequired\":true,\"valueName\":\"search_term_string\"}}],\"inLanguage\":\"fi\"},{\"@type\":\"Organization\",\"@id\":\"https:\/\/heisiskosoittaa.fi\/#organization\",\"name\":\"Hei Sisko Soittaa -podcast\",\"alternateName\":\"Iida Repo ja Emmaleeni Larin\",\"url\":\"https:\/\/heisiskosoittaa.fi\/\",\"logo\":{\"@type\":\"ImageObject\",\"inLanguage\":\"fi\",\"@id\":\"https:\/\/heisiskosoittaa.fi\/#\/schema\/logo\/image\/\",\"url\":\"https:\/\/heisiskosoittaa.fi\/wp-content\/uploads\/2025\/08\/cropped-heisiskosoittaa_logo.png\",\"contentUrl\":\"https:\/\/heisiskosoittaa.fi\/wp-content\/uploads\/2025\/08\/cropped-heisiskosoittaa_logo.png\",\"width\":512,\"height\":512,\"caption\":\"Hei Sisko Soittaa -podcast\"},\"image\":{\"@id\":\"https:\/\/heisiskosoittaa.fi\/#\/schema\/logo\/image\/\"},\"sameAs\":[\"https:\/\/www.facebook.com\/heisiskosoittaa\/\",\"https:\/\/www.instagram.com\/heisiskosoittaa\/\"]}]}<\/script>\n<!-- \/ Yoast SEO plugin. -->","yoast_head_json":{"title":"Yhteisty\u00f6kumppanit - Hei Sisko Soittaa -podcast","description":"Kiitos tukijoillemme ja yhteisty\u00f6kumppaneillemme! Jos haluat mukaan seikkailuun kanssamme ota rohkeasti yhteytt\u00e4!","robots":{"index":"index","follow":"follow","max-snippet":"max-snippet:-1","max-image-preview":"max-image-preview:large","max-video-preview":"max-video-preview:-1"},"canonical":"https:\/\/heisiskosoittaa.fi\/?page_id=97","og_locale":"fi_FI","og_type":"article","og_title":"Yhteisty\u00f6kumppanit - Hei Sisko Soittaa -podcast","og_description":"Kiitos tukijoillemme ja yhteisty\u00f6kumppaneillemme! Jos haluat mukaan seikkailuun kanssamme ota rohkeasti yhteytt\u00e4!","og_url":"https:\/\/heisiskosoittaa.fi\/?page_id=97","og_site_name":"Hei Sisko Soittaa -podcast","article_publisher":"https:\/\/www.facebook.com\/heisiskosoittaa\/","article_modified_time":"2025-09-02T15:14:19+00:00","og_image":[{"width":1200,"height":444,"url":"https:\/\/heisiskosoittaa.fi\/wp-content\/uploads\/2025\/08\/Podcast_kansikuva_heisiskosoittaa_iida-repo_emmaleeni_larin.png","type":"image\/png"}],"twitter_card":"summary_large_image","twitter_misc":{"Arvioitu lukuaika":"1 minuutti"},"schema":{"@context":"https:\/\/schema.org","@graph":[{"@type":"WebPage","@id":"https:\/\/heisiskosoittaa.fi\/?page_id=97","url":"https:\/\/heisiskosoittaa.fi\/?page_id=97","name":"Yhteisty\u00f6kumppanit - Hei Sisko Soittaa -podcast","isPartOf":{"@id":"https:\/\/heisiskosoittaa.fi\/#website"},"primaryImageOfPage":{"@id":"https:\/\/heisiskosoittaa.fi\/?page_id=97#primaryimage"},"image":{"@id":"https:\/\/heisiskosoittaa.fi\/?page_id=97#primaryimage"},"thumbnailUrl":"https:\/\/heisiskosoittaa.fi\/wp-content\/uploads\/2025\/08\/Podcast_kansikuva_heisiskosoittaa_iida-repo_emmaleeni_larin.png","datePublished":"2024-02-06T06:55:00+00:00","dateModified":"2025-09-02T15:14:19+00:00","description":"Kiitos tukijoillemme ja yhteisty\u00f6kumppaneillemme! Jos haluat mukaan seikkailuun kanssamme ota rohkeasti yhteytt\u00e4!","breadcrumb":{"@id":"https:\/\/heisiskosoittaa.fi\/?page_id=97#breadcrumb"},"inLanguage":"fi","potentialAction":[{"@type":"ReadAction","target":["https:\/\/heisiskosoittaa.fi\/?page_id=97"]}]},{"@type":"ImageObject","inLanguage":"fi","@id":"https:\/\/heisiskosoittaa.fi\/?page_id=97#primaryimage","url":"https:\/\/heisiskosoittaa.fi\/wp-content\/uploads\/2025\/08\/Podcast_kansikuva_heisiskosoittaa_iida-repo_emmaleeni_larin.png","contentUrl":"https:\/\/heisiskosoittaa.fi\/wp-content\/uploads\/2025\/08\/Podcast_kansikuva_heisiskosoittaa_iida-repo_emmaleeni_larin.png","width":1200,"height":444,"caption":"Juontajat Iida Repo ja Emmaleeni Larin"},{"@type":"BreadcrumbList","@id":"https:\/\/heisiskosoittaa.fi\/?page_id=97#breadcrumb","itemListElement":[{"@type":"ListItem","position":1,"name":"Etusivu","item":"https:\/\/heisiskosoittaa.fi\/"},{"@type":"ListItem","position":2,"name":"Yhteisty\u00f6kumppanit"}]},{"@type":"WebSite","@id":"https:\/\/heisiskosoittaa.fi\/#website","url":"https:\/\/heisiskosoittaa.fi\/","name":"Hei Sisko Soittaa -podcast","description":"Hei Sisko Soittaa -podcast","publisher":{"@id":"https:\/\/heisiskosoittaa.fi\/#organization"},"potentialAction":[{"@type":"SearchAction","target":{"@type":"EntryPoint","urlTemplate":"https:\/\/heisiskosoittaa.fi\/?s={search_term_string}"},"query-input":{"@type":"PropertyValueSpecification","valueRequired":true,"valueName":"search_term_string"}}],"inLanguage":"fi"},{"@type":"Organization","@id":"https:\/\/heisiskosoittaa.fi\/#organization","name":"Hei Sisko Soittaa -podcast","alternateName":"Iida Repo ja Emmaleeni Larin","url":"https:\/\/heisiskosoittaa.fi\/","logo":{"@type":"ImageObject","inLanguage":"fi","@id":"https:\/\/heisiskosoittaa.fi\/#\/schema\/logo\/image\/","url":"https:\/\/heisiskosoittaa.fi\/wp-content\/uploads\/2025\/08\/cropped-heisiskosoittaa_logo.png","contentUrl":"https:\/\/heisiskosoittaa.fi\/wp-content\/uploads\/2025\/08\/cropped-heisiskosoittaa_logo.png","width":512,"height":512,"caption":"Hei Sisko Soittaa -podcast"},"image":{"@id":"https:\/\/heisiskosoittaa.fi\/#\/schema\/logo\/image\/"},"sameAs":["https:\/\/www.facebook.com\/heisiskosoittaa\/","https:\/\/www.instagram.com\/heisiskosoittaa\/"]}]}},"_links":{"self":[{"href":"https:\/\/heisiskosoittaa.fi\/index.php?rest_route=\/wp\/v2\/pages\/97","targetHints":{"allow":["GET"]}}],"collection":[{"href":"https:\/\/heisiskosoittaa.fi\/index.php?rest_route=\/wp\/v2\/pages"}],"about":[{"href":"https:\/\/heisiskosoittaa.fi\/index.php?rest_route=\/wp\/v2\/types\/page"}],"author":[{"embeddable":true,"href":"https:\/\/heisiskosoittaa.fi\/index.php?rest_route=\/wp\/v2\/users\/1"}],"replies":[{"embeddable":true,"href":"https:\/\/heisiskosoittaa.fi\/index.php?rest_route=%2Fwp%2Fv2%2Fcomments&post=97"}],"version-history":[{"count":7,"href":"https:\/\/heisiskosoittaa.fi\/index.php?rest_route=\/wp\/v2\/pages\/97\/revisions"}],"predecessor-version":[{"id":2233,"href":"https:\/\/heisiskosoittaa.fi\/index.php?rest_route=\/wp\/v2\/pages\/97\/revisions\/2233"}],"wp:featuredmedia":[{"embeddable":true,"href":"https:\/\/heisiskosoittaa.fi\/index.php?rest_route=\/wp\/v2\/media\/34"}],"wp:attachment":[{"href":"https:\/\/heisiskosoittaa.fi\/index.php?rest_route=%2Fwp%2Fv2%2Fmedia&parent=97"}],"curies":[{"name":"wp","href":"https:\/\/api.w.org\/{rel}","templated":true}]}}